{"id":87,"date":"2026-02-06T14:03:32","date_gmt":"2026-02-06T13:03:32","guid":{"rendered":"https:\/\/www.haras-de-nantes.fr\/academie2\/?page_id=87"},"modified":"2026-03-04T17:24:44","modified_gmt":"2026-03-04T16:24:44","slug":"contact","status":"publish","type":"page","link":"https:\/\/www.haras-de-nantes.fr\/academie\/contact\/","title":{"rendered":"Contact"},"content":{"rendered":"<p><img decoding=\"async\" src=\"\/academie2\/wp-content\/uploads\/2026\/02\/Logo-Haras-de-Nantes-Academie-Copie.png\" alt=\"\"><\/p>\n<ul>\n<li>\n<h2>Addresse<\/h2>\n<div>\n<p><span>16 Rue Gulliver, <br \/>44240 <br \/>La Chapelle-sur-Erdre<\/span><\/p>\n<\/div>\n<\/li>\n<li>\n<h2>Addresse e-mail <\/h2>\n<div>\n<div class=\"el-content uk-panel\"><a href=\"mailto:academie@haras-de-nantes.fr\" class=\"el-link uk-link-text uk-margin-remove-last-child\">academie@haras-de-nantes.fr<\/a><\/div>\n<\/div>\n<\/li>\n<li>\n<h2>Num\u00e9ro de t\u00e9l\u00e9phone<\/h2>\n<div>\n<p><a class=\"uk-link-toggle\" href=\"tel:+33756475142\"><span>07 56 47 51 42<\/span><\/a><\/p>\n<\/p>\n<\/div>\n<\/li>\n<li>\n<h2>R\u00e9seaux sociaux<\/h2>\n<div>\n<div uk-grid=\"\" class=\"uk-flex-center uk-flex-left@m uk-child-width-auto uk-grid-medium\">\n<div><a href=\"https:\/\/www.facebook.com\/people\/Haras-de-Nantes-Acad%25C3%25A9mie\/61575886370674\/\" target=\"_blank\" uk-icon=\"facebook\" rel=\"noopener\"><\/a><\/div>\n<div><a href=\"https:\/\/www.instagram.com\/haras_de_nantes_academie\/\" target=\"_blank\" uk-icon=\"instagram\" rel=\"noopener\"><\/a><\/div>\n<div><a href=\"https:\/\/www.haras-de-nantes.fr\/academie2\/www.tiktok.com\/@haras.de.nantes.academie\" target=\"_blank\" uk-icon=\"tiktok\" rel=\"noopener\"><\/a><\/div>\n<\/div>\n<\/div>\n<\/li>\n<\/ul>\n<div>\n<p>47.34074196520101,-1.5810984079280503<\/p>\n<h3>Haras de Nantes acad\u00e9mie<\/h3>\n<\/div>\n<hr>\n<div>\n<p>    <iframe loading=\"lazy\" src=\"https:\/\/docs.google.com\/forms\/d\/e\/1FAIpQLScw8JYWgCYW9n5044ewzWsJe5LT6_37Omr2aw3WTF_XvgIUHQ\/viewform?embedded=true\" width=\"100%\" height=\"1550\" frameborder=\"0\" marginheight=\"0\" marginwidth=\"0\">Loading&#8230;<\/iframe>\n<\/div>\n<p><!--more--><br \/>\n<!-- {\"type\":\"layout\",\"children\":[{\"type\":\"section\",\"props\":{\"header_transparent\":true,\"header_transparent_noplaceholder\":false,\"header_transparent_text_color\":\"light\",\"height\":\"viewport\",\"height_viewport_offset\":true,\"image\":\"wp-content\/uploads\/2026\/02\/DSC_5852-1-scaled.jpg\",\"image_effect\":\"fixed\",\"image_loading\":true,\"image_parallax_bgy\":\"2vh,-2vh\",\"image_parallax_breakpoint\":\"s\",\"image_parallax_easing\":\"1.5\",\"image_position\":\"center-center\",\"image_size\":\"cover\",\"image_width\":\"2560\",\"media_overlay\":\"rgba(0, 0, 0, 0.17)\",\"overlap\":true,\"padding_bottom\":\"xlarge\",\"padding_top\":\"large\",\"style\":\"default\",\"title_breakpoint\":\"xl\",\"title_position\":\"top-left\",\"title_rotation\":\"left\",\"vertical_align\":\"middle\",\"width\":\"large\"},\"children\":[{\"type\":\"row\",\"props\":{\"column_gap\":\"collapse\",\"layout\":\"1-2,1-2\",\"row_gap\":\"collapse\"},\"children\":[{\"type\":\"column\",\"props\":{\"image_position\":\"center-center\",\"padding\":\"none\",\"position_sticky_breakpoint\":\"m\",\"style\":\"tile-default\",\"vertical_align\":\"bottom\",\"width_medium\":\"1-2\"},\"children\":[{\"type\":\"image\",\"props\":{\"block_align\":\"center\",\"image\":\"wp-content\/uploads\/2026\/02\/Logo-Haras-de-Nantes-Academie-Copie.png\",\"image_loading\":true,\"image_svg_color\":\"emphasis\",\"image_svg_inline\":true,\"margin_bottom\":\"remove\",\"margin_top\":\"medium\",\"maxwidth\":\"large\",\"text_align\":\"left\"}},{\"type\":\"grid\",\"props\":{\"block_align\":\"center\",\"block_align_fallback\":\"center\",\"content_column_breakpoint\":\"m\",\"content_margin\":\"small\",\"filter_align\":\"left\",\"filter_all\":true,\"filter_grid_breakpoint\":\"m\",\"filter_grid_width\":\"auto\",\"filter_position\":\"top\",\"filter_style\":\"tab\",\"grid_column_gap\":\"large\",\"grid_default\":\"1\",\"grid_medium\":\"\",\"grid_row_gap\":\"large\",\"grid_small\":\"2\",\"image_align\":\"top\",\"image_grid_breakpoint\":\"m\",\"image_grid_width\":\"1-2\",\"image_svg_color\":\"emphasis\",\"item_animation\":true,\"lightbox_bg_close\":true,\"link_style\":\"default\",\"link_text\":\"\",\"margin_bottom\":\"xlarge\",\"margin_top\":\"medium\",\"maxwidth\":\"large\",\"meta_align\":\"below-title\",\"meta_element\":\"div\",\"meta_style\":\"text-meta\",\"panel_link\":true,\"parallax_easing\":\"1\",\"show_content\":true,\"show_hover_image\":true,\"show_hover_video\":true,\"show_image\":true,\"show_link\":true,\"show_meta\":true,\"show_title\":true,\"show_video\":true,\"text_align\":\"left\",\"text_align_breakpoint\":\"s\",\"text_align_fallback\":\"center\",\"title_align\":\"top\",\"title_element\":\"h2\",\"title_grid_breakpoint\":\"m\",\"title_grid_width\":\"1-2\",\"title_hover_style\":\"reset\",\"title_style\":\"h5\"},\"children\":[{\"type\":\"grid_item\",\"props\":{\"content\":\"\n\n<p><span>16 Rue Gulliver, <br \/>44240 <br \/>La Chapelle-sur-Erdre<\/span><\/p>\n\n\",\"title\":\"Addresse\"}},{\"type\":\"grid_item\",\"props\":{\"content\":\"\n\n<div class=\\\"el-content uk-panel\\\"><a href=\\\"mailto:academie@haras-de-nantes.fr\\\" class=\\\"el-link uk-link-text uk-margin-remove-last-child\\\">academie@haras-de-nantes.fr<\/a><\/div>\n\n\",\"title\":\"Addresse e-mail \"}},{\"type\":\"grid_item\",\"props\":{\"content\":\"\n\n<p><a class=\\\"uk-link-toggle\\\" href=\\\"tel:+33756475142\\\"><span>07 56 47 51 42<\/span><\/a><\/p>\n\n\\n\n\n\n\n\",\"title\":\"Num\u00e9ro de t\u00e9l\u00e9phone\"}},{\"type\":\"grid_item\",\"props\":{\"content\":\"\n\n<div uk-grid=\\\"\\\" class=\\\"uk-flex-center uk-flex-left@m uk-child-width-auto uk-grid-medium\\\">\\n\n\n<div><a href=\\\"https:\/\/www.facebook.com\/people\/Haras-de-Nantes-Acad%25C3%25A9mie\/61575886370674\/\\\" target=\\\"_blank\\\" uk-icon=\\\"facebook\\\" rel=\\\"noopener\\\"><\/a><\/div>\n\n\\n\n\n<div><a href=\\\"https:\/\/www.instagram.com\/haras_de_nantes_academie\/\\\" target=\\\"_blank\\\" uk-icon=\\\"instagram\\\" rel=\\\"noopener\\\"><\/a><\/div>\n\n\\n\n\n<div><a href=\\\"https:\/\/www.haras-de-nantes.fr\/academie2\/www.tiktok.com\/@haras.de.nantes.academie\\\" target=\\\"_blank\\\" uk-icon=\\\"tiktok\\\" rel=\\\"noopener\\\"><\/a><\/div>\n\n\\n<\/div>\n\n\",\"title\":\"R\u00e9seaux sociaux\"}}]},{\"type\":\"map\",\"props\":{\"controls\":false,\"dragging\":true,\"height\":900,\"image_svg_color\":\"emphasis\",\"link_style\":\"default\",\"link_text\":\"Read more\",\"margin_bottom\":\"default\",\"margin_top\":\"large\",\"max_zoom\":18,\"meta_align\":\"below-title\",\"meta_element\":\"div\",\"meta_style\":\"text-meta\",\"min_zoom\":0,\"poi\":false,\"show_content\":true,\"show_image\":true,\"show_link\":true,\"show_meta\":true,\"show_title\":true,\"styler_invert_lightness\":false,\"title_element\":\"h3\",\"title_hover_style\":\"reset\",\"type\":\"roadmap\",\"visibility\":\"s\",\"zoom\":\"11\",\"zooming\":false},\"children\":[{\"type\":\"map_item\",\"props\":{\"location\":\"47.34074196520101,-1.5810984079280503\",\"title\":\"Haras de Nantes acad\u00e9mie\"}}]}]},{\"type\":\"column\",\"props\":{\"image_position\":\"center-center\",\"order_first\":\"m\",\"padding\":\"none\",\"position_sticky_breakpoint\":\"m\",\"style\":\"tile-default\",\"width_medium\":\"1-2\"},\"children\":[{\"type\":\"divider\",\"props\":{\"divider_element\":\"hr\",\"margin_bottom\":\"remove\"}},{\"type\":\"html\",\"props\":{\"block_align\":\"center\",\"content\":\"<iframe src=\\\"https:\/\/docs.google.com\/forms\/d\/e\/1FAIpQLScw8JYWgCYW9n5044ewzWsJe5LT6_37Omr2aw3WTF_XvgIUHQ\/viewform?embedded=true\\\" width=\\\"100%\\\" height=\\\"1550\\\" frameborder=\\\"0\\\" marginheight=\\\"0\\\" marginwidth=\\\"0\\\">Loading...<\/iframe>\",\"margin_bottom\":\"xlarge\",\"margin_top\":\"large\",\"maxwidth\":\"2xlarge\",\"text_align\":\"center\"}}]}]}],\"name\":\"Contact\"},{\"type\":\"section\",\"props\":{\"image_position\":\"center-center\",\"padding_bottom\":\"large\",\"padding_top\":\"large\",\"status\":\"disabled\",\"style\":\"default\",\"title_breakpoint\":\"xl\",\"title_position\":\"top-left\",\"title_rotation\":\"left\",\"vertical_align\":\"\",\"width\":\"large\"},\"children\":[{\"type\":\"row\",\"children\":[{\"type\":\"column\",\"props\":{\"image_position\":\"center-center\",\"position_sticky_breakpoint\":\"m\",\"width_medium\":\"1-1\"},\"children\":[{\"type\":\"headline\",\"props\":{\"content\":\"Directions\",\"image_align\":\"left\",\"image_margin\":\"xsmall\",\"margin_bottom\":\"small\",\"margin_top\":\"small\",\"text_align\":\"center\",\"title_element\":\"div\",\"title_font_family\":\"tertiary\",\"title_style\":\"h3\"}},{\"type\":\"headline\",\"props\":{\"block_align\":\"center\",\"content\":\"Makai Surf School Is Easily Accessible via Car, Train and from Porto Airport\",\"image_align\":\"left\",\"image_margin\":\"xsmall\",\"margin_top\":\"remove\",\"maxwidth\":\"2xlarge\",\"text_align\":\"center\",\"title_element\":\"h1\"}},{\"type\":\"grid\",\"props\":{\"content_column_breakpoint\":\"m\",\"filter_align\":\"left\",\"filter_all\":true,\"filter_grid_breakpoint\":\"m\",\"filter_grid_width\":\"auto\",\"filter_position\":\"top\",\"filter_style\":\"tab\",\"grid_default\":\"1\",\"grid_medium\":\"\",\"grid_small\":\"3\",\"image_align\":\"top\",\"image_grid_breakpoint\":\"m\",\"image_grid_width\":\"1-2\",\"image_svg_color\":\"primary\",\"image_svg_inline\":true,\"item_animation\":true,\"lightbox_bg_close\":true,\"link_style\":\"default\",\"link_text\":\"Read more\",\"margin_bottom\":\"large\",\"margin_top\":\"large\",\"meta_align\":\"below-title\",\"meta_element\":\"div\",\"meta_style\":\"text-meta\",\"panel_padding\":\"default\",\"panel_style\":\"card-default\",\"parallax_easing\":\"1\",\"show_content\":true,\"show_hover_image\":true,\"show_hover_video\":true,\"show_image\":true,\"show_link\":true,\"show_meta\":true,\"show_title\":true,\"show_video\":true,\"text_align\":\"center\",\"title_align\":\"top\",\"title_element\":\"h2\",\"title_grid_breakpoint\":\"m\",\"title_grid_width\":\"1-2\",\"title_hover_style\":\"reset\",\"title_style\":\"h5\"},\"children\":[{\"type\":\"grid_item\",\"props\":{\"content\":\"Lorem ipsum dolor sit amet, consetetur sadipscing elitr, sed diam nonumy eirmod tempor invidunt ut.\",\"image\":\"wp-content\/themes\/yootheme\/assets\/images\/element-image-placeholder.png\",\"title\":\"From Porto Airport\"}},{\"type\":\"grid_item\",\"props\":{\"content\":\"Lorem ipsum dolor sit amet, consetetur sadipscing elitr, sed diam nonumy eirmod tempor invidunt ut.\",\"image\":\"wp-content\/themes\/yootheme\/assets\/images\/element-image-placeholder.png\",\"title\":\"From Main Train Station\"}},{\"type\":\"grid_item\",\"props\":{\"content\":\"Lorem ipsum dolor sit amet, consetetur sadipscing elitr, sed diam nonumy eirmod tempor invidunt ut.\",\"image\":\"wp-content\/themes\/yootheme\/assets\/images\/element-image-placeholder.png\",\"title\":\"From Exit 47 \"}}]}]}]}],\"name\":\"Directions\"}],\"version\":\"5.0.11\"} --><\/p>\n","protected":false},"excerpt":{"rendered":"<p>Addresse 16 Rue Gulliver, 44240 La Chapelle-sur-Erdre Addresse e-mail academie@haras-de-nantes.fr Num\u00e9ro de t\u00e9l\u00e9phone 07 56 47 51 42 R\u00e9seaux sociaux 47.34074196520101,-1.5810984079280503 Haras de Nantes acad\u00e9mie Loading&#8230;<\/p>\n","protected":false},"author":1,"featured_media":0,"parent":0,"menu_order":0,"comment_status":"closed","ping_status":"closed","template":"","meta":{"footnotes":""},"class_list":["post-87","page","type-page","status-publish","hentry"],"_links":{"self":[{"href":"https:\/\/www.haras-de-nantes.fr\/academie\/wp-json\/wp\/v2\/pages\/87","targetHints":{"allow":["GET"]}}],"collection":[{"href":"https:\/\/www.haras-de-nantes.fr\/academie\/wp-json\/wp\/v2\/pages"}],"about":[{"href":"https:\/\/www.haras-de-nantes.fr\/academie\/wp-json\/wp\/v2\/types\/page"}],"author":[{"embeddable":true,"href":"https:\/\/www.haras-de-nantes.fr\/academie\/wp-json\/wp\/v2\/users\/1"}],"replies":[{"embeddable":true,"href":"https:\/\/www.haras-de-nantes.fr\/academie\/wp-json\/wp\/v2\/comments?post=87"}],"version-history":[{"count":8,"href":"https:\/\/www.haras-de-nantes.fr\/academie\/wp-json\/wp\/v2\/pages\/87\/revisions"}],"predecessor-version":[{"id":1190,"href":"https:\/\/www.haras-de-nantes.fr\/academie\/wp-json\/wp\/v2\/pages\/87\/revisions\/1190"}],"wp:attachment":[{"href":"https:\/\/www.haras-de-nantes.fr\/academie\/wp-json\/wp\/v2\/media?parent=87"}],"curies":[{"name":"wp","href":"https:\/\/api.w.org\/{rel}","templated":true}]}}